{"id":1281,"date":"2024-09-16T21:02:26","date_gmt":"2024-09-16T21:02:26","guid":{"rendered":"https:\/\/www.kibrisanadoluraf.com\/?page_id=1281"},"modified":"2025-04-29T09:30:17","modified_gmt":"2025-04-29T09:30:17","slug":"market-buzluklari","status":"publish","type":"page","link":"https:\/\/www.kibrisanadoluraf.com\/?page_id=1281","title":{"rendered":"Market Buzluklar\u0131"},"content":{"rendered":"\t\t<div data-elementor-type=\"wp-page\" data-elementor-id=\"1281\" class=\"elementor elementor-1281\" data-elementor-post-type=\"page\">\n\t\t\t\t<div class=\"elementor-element elementor-element-fcb1d5f e-flex e-con-boxed e-con e-parent\" data-id=\"fcb1d5f\" data-element_type=\"container\">\n\t\t\t\t\t<div class=\"e-con-inner\">\n\t\t\t\t<div class=\"elementor-element elementor-element-e65bdb9 elementor-widget elementor-widget-heading\" data-id=\"e65bdb9\" data-element_type=\"widget\" data-widget_type=\"heading.default\">\n\t\t\t\t<div class=\"elementor-widget-container\">\n\t\t\t<style>\/*! elementor - v3.23.0 - 15-07-2024 *\/\n.elementor-heading-title{padding:0;margin:0;line-height:1}.elementor-widget-heading .elementor-heading-title[class*=elementor-size-]>a{color:inherit;font-size:inherit;line-height:inherit}.elementor-widget-heading .elementor-heading-title.elementor-size-small{font-size:15px}.elementor-widget-heading .elementor-heading-title.elementor-size-medium{font-size:19px}.elementor-widget-heading .elementor-heading-title.elementor-size-large{font-size:29px}.elementor-widget-heading .elementor-heading-title.elementor-size-xl{font-size:39px}.elementor-widget-heading .elementor-heading-title.elementor-size-xxl{font-size:59px}<\/style><h1 class=\"elementor-heading-title elementor-size-default\">Buzluklar<\/h1>\t\t<\/div>\n\t\t\t\t<\/div>\n\t\t\t\t\t<\/div>\n\t\t\t\t<\/div>\n\t\t<div class=\"elementor-element elementor-element-553b240 e-flex e-con-boxed e-con e-child\" data-id=\"553b240\" data-element_type=\"container\">\n\t\t\t\t\t<div class=\"e-con-inner\">\n\t\t<div class=\"elementor-element elementor-element-ba35cb2 e-con-full e-flex e-con e-child\" data-id=\"ba35cb2\" data-element_type=\"container\">\n\t\t<div class=\"elementor-element elementor-element-5b6727c e-con-full e-flex e-con e-child\" data-id=\"5b6727c\" data-element_type=\"container\">\n\t\t\t\t<div class=\"elementor-element elementor-element-5dfca0b elementor-position-top elementor-widget elementor-widget-image-box\" data-id=\"5dfca0b\" data-element_type=\"widget\" data-widget_type=\"image-box.default\">\n\t\t\t\t<div class=\"elementor-widget-container\">\n\t\t\t<style>\/*! elementor - v3.23.0 - 15-07-2024 *\/\n.elementor-widget-image-box .elementor-image-box-content{width:100%}@media (min-width:768px){.elementor-widget-image-box.elementor-position-left .elementor-image-box-wrapper,.elementor-widget-image-box.elementor-position-right .elementor-image-box-wrapper{display:flex}.elementor-widget-image-box.elementor-position-right .elementor-image-box-wrapper{text-align:end;flex-direction:row-reverse}.elementor-widget-image-box.elementor-position-left .elementor-image-box-wrapper{text-align:start;flex-direction:row}.elementor-widget-image-box.elementor-position-top .elementor-image-box-img{margin:auto}.elementor-widget-image-box.elementor-vertical-align-top .elementor-image-box-wrapper{align-items:flex-start}.elementor-widget-image-box.elementor-vertical-align-middle .elementor-image-box-wrapper{align-items:center}.elementor-widget-image-box.elementor-vertical-align-bottom .elementor-image-box-wrapper{align-items:flex-end}}@media (max-width:767px){.elementor-widget-image-box .elementor-image-box-img{margin-left:auto!important;margin-right:auto!important;margin-bottom:15px}}.elementor-widget-image-box .elementor-image-box-img{display:inline-block}.elementor-widget-image-box .elementor-image-box-title a{color:inherit}.elementor-widget-image-box .elementor-image-box-wrapper{text-align:center}.elementor-widget-image-box .elementor-image-box-description{margin:0}<\/style><div class=\"elementor-image-box-wrapper\"><figure class=\"elementor-image-box-img\"><img fetchpriority=\"high\" decoding=\"async\" width=\"768\" height=\"723\" src=\"https:\/\/www.kibrisanadoluraf.com\/wp-content\/uploads\/2024\/09\/3.jpg\" class=\"attachment-full size-full wp-image-1242\" alt=\"\" srcset=\"https:\/\/www.kibrisanadoluraf.com\/wp-content\/uploads\/2024\/09\/3.jpg 768w, https:\/\/www.kibrisanadoluraf.com\/wp-content\/uploads\/2024\/09\/3-300x282.jpg 300w\" sizes=\"(max-width: 768px) 100vw, 768px\" \/><\/figure><div class=\"elementor-image-box-content\"><h3 class=\"elementor-image-box-title\">MD-01<\/h3><p class=\"elementor-image-box-description\">Y\u00dcKSEKL\u0130K:205\n<br>DER\u0130NL\u0130K:80\n<br>GEN\u0130\u015eL\u0130K:250<\/p><\/div><\/div>\t\t<\/div>\n\t\t\t\t<\/div>\n\t\t\t\t<\/div>\n\t\t<div class=\"elementor-element elementor-element-8b4db6e e-con-full e-flex e-con e-child\" data-id=\"8b4db6e\" data-element_type=\"container\">\n\t\t\t\t<div class=\"elementor-element elementor-element-1c67678 elementor-position-top elementor-widget elementor-widget-image-box\" data-id=\"1c67678\" data-element_type=\"widget\" data-widget_type=\"image-box.default\">\n\t\t\t\t<div class=\"elementor-widget-container\">\n\t\t\t<div class=\"elementor-image-box-wrapper\"><figure class=\"elementor-image-box-img\"><img decoding=\"async\" width=\"750\" height=\"593\" src=\"https:\/\/www.kibrisanadoluraf.com\/wp-content\/uploads\/2024\/09\/2.jpg\" class=\"attachment-medium_large size-medium_large wp-image-1241\" alt=\"\" srcset=\"https:\/\/www.kibrisanadoluraf.com\/wp-content\/uploads\/2024\/09\/2.jpg 750w, https:\/\/www.kibrisanadoluraf.com\/wp-content\/uploads\/2024\/09\/2-300x237.jpg 300w\" sizes=\"(max-width: 750px) 100vw, 750px\" \/><\/figure><div class=\"elementor-image-box-content\"><h3 class=\"elementor-image-box-title\">MD-02<\/h3><p class=\"elementor-image-box-description\">Y\u00dcKSEKL\u0130K:205\n<br>DER\u0130NL\u0130K:90\n<br>GEN\u0130\u015eL\u0130K:400<\/p><\/div><\/div>\t\t<\/div>\n\t\t\t\t<\/div>\n\t\t\t\t<\/div>\n\t\t<div class=\"elementor-element elementor-element-3ae4d52 e-con-full e-flex e-con e-child\" data-id=\"3ae4d52\" data-element_type=\"container\">\n\t\t\t\t<div class=\"elementor-element elementor-element-cfd3535 elementor-position-top elementor-widget elementor-widget-image-box\" data-id=\"cfd3535\" data-element_type=\"widget\" data-widget_type=\"image-box.default\">\n\t\t\t\t<div class=\"elementor-widget-container\">\n\t\t\t<div class=\"elementor-image-box-wrapper\"><figure class=\"elementor-image-box-img\"><img decoding=\"async\" width=\"768\" height=\"713\" src=\"https:\/\/www.kibrisanadoluraf.com\/wp-content\/uploads\/2024\/09\/5-768x713.jpg\" class=\"attachment-medium_large size-medium_large wp-image-1244\" alt=\"\" srcset=\"https:\/\/www.kibrisanadoluraf.com\/wp-content\/uploads\/2024\/09\/5-768x713.jpg 768w, https:\/\/www.kibrisanadoluraf.com\/wp-content\/uploads\/2024\/09\/5-300x278.jpg 300w, https:\/\/www.kibrisanadoluraf.com\/wp-content\/uploads\/2024\/09\/5.jpg 835w\" sizes=\"(max-width: 768px) 100vw, 768px\" \/><\/figure><div class=\"elementor-image-box-content\"><h3 class=\"elementor-image-box-title\">MD-03<\/h3><p class=\"elementor-image-box-description\">Y\u00dcKSEKL\u0130K:205\n<br>DER\u0130NL\u0130K:80\n<br>GEN\u0130\u015eL\u0130K:250<\/p><\/div><\/div>\t\t<\/div>\n\t\t\t\t<\/div>\n\t\t\t\t<\/div>\n\t\t\t\t<\/div>\n\t\t<div class=\"elementor-element elementor-element-430468b e-con-full e-flex e-con e-child\" data-id=\"430468b\" data-element_type=\"container\">\n\t\t<div class=\"elementor-element elementor-element-0403ea7 e-con-full e-flex e-con e-child\" data-id=\"0403ea7\" data-element_type=\"container\">\n\t\t\t\t<div class=\"elementor-element elementor-element-74e2962 elementor-position-top elementor-widget elementor-widget-image-box\" data-id=\"74e2962\" data-element_type=\"widget\" data-widget_type=\"image-box.default\">\n\t\t\t\t<div class=\"elementor-widget-container\">\n\t\t\t<div class=\"elementor-image-box-wrapper\"><figure class=\"elementor-image-box-img\"><img loading=\"lazy\" decoding=\"async\" width=\"768\" height=\"606\" src=\"https:\/\/www.kibrisanadoluraf.com\/wp-content\/uploads\/2024\/09\/4-768x606.jpg\" class=\"attachment-medium_large size-medium_large wp-image-1243\" alt=\"\" srcset=\"https:\/\/www.kibrisanadoluraf.com\/wp-content\/uploads\/2024\/09\/4-768x606.jpg 768w, https:\/\/www.kibrisanadoluraf.com\/wp-content\/uploads\/2024\/09\/4-300x237.jpg 300w, https:\/\/www.kibrisanadoluraf.com\/wp-content\/uploads\/2024\/09\/4.jpg 960w\" sizes=\"(max-width: 768px) 100vw, 768px\" \/><\/figure><div class=\"elementor-image-box-content\"><h3 class=\"elementor-image-box-title\">MD-04<\/h3><p class=\"elementor-image-box-description\">Y\u00dcKSEKL\u0130K:205\n<br>DER\u0130NL\u0130K:80\n<br>GEN\u0130\u015eL\u0130K:400<\/p><\/div><\/div>\t\t<\/div>\n\t\t\t\t<\/div>\n\t\t\t\t<\/div>\n\t\t<div class=\"elementor-element elementor-element-1d22c2c e-con-full e-flex e-con e-child\" data-id=\"1d22c2c\" data-element_type=\"container\">\n\t\t\t\t<div class=\"elementor-element elementor-element-9247510 elementor-position-top elementor-widget elementor-widget-image-box\" data-id=\"9247510\" data-element_type=\"widget\" data-widget_type=\"image-box.default\">\n\t\t\t\t<div class=\"elementor-widget-container\">\n\t\t\t<div class=\"elementor-image-box-wrapper\"><figure class=\"elementor-image-box-img\"><img loading=\"lazy\" decoding=\"async\" width=\"768\" height=\"500\" src=\"https:\/\/www.kibrisanadoluraf.com\/wp-content\/uploads\/2024\/09\/6-768x500.jpg\" class=\"attachment-medium_large size-medium_large wp-image-1245\" alt=\"\" srcset=\"https:\/\/www.kibrisanadoluraf.com\/wp-content\/uploads\/2024\/09\/6-768x500.jpg 768w, https:\/\/www.kibrisanadoluraf.com\/wp-content\/uploads\/2024\/09\/6-300x195.jpg 300w, https:\/\/www.kibrisanadoluraf.com\/wp-content\/uploads\/2024\/09\/6-1024x666.jpg 1024w, https:\/\/www.kibrisanadoluraf.com\/wp-content\/uploads\/2024\/09\/6.jpg 1085w\" sizes=\"(max-width: 768px) 100vw, 768px\" \/><\/figure><div class=\"elementor-image-box-content\"><h3 class=\"elementor-image-box-title\">MD-05<\/h3><p class=\"elementor-image-box-description\">Y\u00dcKSEKL\u0130K:130\n<br>DER\u0130NL\u0130K:100\n<br>GEN\u0130\u015eL\u0130K:200<\/p><\/div><\/div>\t\t<\/div>\n\t\t\t\t<\/div>\n\t\t\t\t<\/div>\n\t\t<div class=\"elementor-element elementor-element-5525a54 e-con-full e-flex e-con e-child\" data-id=\"5525a54\" data-element_type=\"container\">\n\t\t\t\t<\/div>\n\t\t\t\t<\/div>\n\t\t\t\t\t<\/div>\n\t\t\t\t<\/div>\n\t\t\t\t<\/div>\n\t\t","protected":false},"excerpt":{"rendered":"<p>Buzluklar MD-01 Y\u00dcKSEKL\u0130K:205 DER\u0130NL\u0130K:80 GEN\u0130\u015eL\u0130K:250 MD-02 Y\u00dcKSEKL\u0130K:205 DER\u0130NL\u0130K:90 GEN\u0130\u015eL\u0130K:400 MD-03 Y\u00dcKSEKL\u0130K:205 DER\u0130NL\u0130K:80 GEN\u0130\u015eL\u0130K:250 MD-04 Y\u00dcKSEKL\u0130K:205 DER\u0130NL\u0130K:80 GEN\u0130\u015eL\u0130K:400 MD-05 Y\u00dcKSEKL\u0130K:130 DER\u0130NL\u0130K:100 [&hellip;]<\/p>\n","protected":false},"author":1,"featured_media":0,"parent":0,"menu_order":0,"comment_status":"closed","ping_status":"closed","template":"","meta":{"site-sidebar-layout":"no-sidebar","site-content-layout":"","ast-site-content-layout":"full-width-container","site-content-style":"default","site-sidebar-style":"default","ast-global-header-display":"","ast-banner-title-visibility":"","ast-main-header-display":"","ast-hfb-above-header-display":"","ast-hfb-below-header-display":"","ast-hfb-mobile-header-display":"","site-post-title":"disabled","ast-breadcrumbs-content":"","ast-featured-img":"disabled","footer-sml-layout":"","theme-transparent-header-meta":"","adv-header-id-meta":"","stick-header-meta":"","header-above-stick-meta":"","header-main-stick-meta":"","header-below-stick-meta":"","astra-migrate-meta-layouts":"default","ast-page-background-enabled":"default","ast-page-background-meta":{"desktop":{"background-color":"var(--ast-global-color-4)","background-image":"","background-repeat":"repeat","background-position":"center center","background-size":"auto","background-attachment":"scroll","background-type":"","background-media":"","overlay-type":"","overlay-color":"","overlay-opacity":"","overlay-gradient":""},"tablet":{"background-color":"","background-image":"","background-repeat":"repeat","background-position":"center center","background-size":"auto","background-attachment":"scroll","background-type":"","background-media":"","overlay-type":"","overlay-color":"","overlay-opacity":"","overlay-gradient":""},"mobile":{"background-color":"","background-image":"","background-repeat":"repeat","background-position":"center center","background-size":"auto","background-attachment":"scroll","background-type":"","background-media":"","overlay-type":"","overlay-color":"","overlay-opacity":"","overlay-gradient":""}},"ast-content-background-meta":{"desktop":{"background-color":"var(--ast-global-color-5)","background-image":"","background-repeat":"repeat","background-position":"center center","background-size":"auto","background-attachment":"scroll","background-type":"","background-media":"","overlay-type":"","overlay-color":"","overlay-opacity":"","overlay-gradient":""},"tablet":{"background-color":"var(--ast-global-color-5)","background-image":"","background-repeat":"repeat","background-position":"center center","background-size":"auto","background-attachment":"scroll","background-type":"","background-media":"","overlay-type":"","overlay-color":"","overlay-opacity":"","overlay-gradient":""},"mobile":{"background-color":"var(--ast-global-color-5)","background-image":"","background-repeat":"repeat","background-position":"center center","background-size":"auto","background-attachment":"scroll","background-type":"","background-media":"","overlay-type":"","overlay-color":"","overlay-opacity":"","overlay-gradient":""}},"footnotes":""},"class_list":["post-1281","page","type-page","status-publish","hentry"],"yoast_head":"<!-- This site is optimized with the Yoast SEO plugin v23.6 - https:\/\/yoast.com\/wordpress\/plugins\/seo\/ -->\n<title>Market Buzluklar\u0131 - K\u0131br\u0131s Anadolu Raf | KibrisAnadoluRaf.com<\/title>\n<meta name=\"robots\" content=\"index, follow, max-snippet:-1, max-image-preview:large, max-video-preview:-1\" \/>\n<link rel=\"canonical\" href=\"https:\/\/www.kibrisanadoluraf.com\/?page_id=1281\" \/>\n<meta property=\"og:locale\" content=\"tr_TR\" \/>\n<meta property=\"og:type\" content=\"article\" \/>\n<meta property=\"og:title\" content=\"Market Buzluklar\u0131 - K\u0131br\u0131s Anadolu Raf | KibrisAnadoluRaf.com\" \/>\n<meta property=\"og:description\" content=\"Buzluklar MD-01 Y\u00dcKSEKL\u0130K:205 DER\u0130NL\u0130K:80 GEN\u0130\u015eL\u0130K:250 MD-02 Y\u00dcKSEKL\u0130K:205 DER\u0130NL\u0130K:90 GEN\u0130\u015eL\u0130K:400 MD-03 Y\u00dcKSEKL\u0130K:205 DER\u0130NL\u0130K:80 GEN\u0130\u015eL\u0130K:250 MD-04 Y\u00dcKSEKL\u0130K:205 DER\u0130NL\u0130K:80 GEN\u0130\u015eL\u0130K:400 MD-05 Y\u00dcKSEKL\u0130K:130 DER\u0130NL\u0130K:100 [&hellip;]\" \/>\n<meta property=\"og:url\" content=\"https:\/\/www.kibrisanadoluraf.com\/?page_id=1281\" \/>\n<meta property=\"og:site_name\" content=\"K\u0131br\u0131s Anadolu Raf | KibrisAnadoluRaf.com\" \/>\n<meta property=\"article:publisher\" content=\"https:\/\/www.facebook.com\/profile.php?id=61564128172550\" \/>\n<meta property=\"article:modified_time\" content=\"2025-04-29T09:30:17+00:00\" \/>\n<meta property=\"og:image\" content=\"https:\/\/www.kibrisanadoluraf.com\/wp-content\/uploads\/2024\/09\/3.jpg\" \/>\n\t<meta property=\"og:image:width\" content=\"768\" \/>\n\t<meta property=\"og:image:height\" content=\"723\" \/>\n\t<meta property=\"og:image:type\" content=\"image\/jpeg\" \/>\n<meta name=\"twitter:card\" content=\"summary_large_image\" \/>\n<meta name=\"twitter:label1\" content=\"Tahmini okuma s\u00fcresi\" \/>\n\t<meta name=\"twitter:data1\" content=\"2 dakika\" \/>\n<script type=\"application\/ld+json\" class=\"yoast-schema-graph\">{\"@context\":\"https:\/\/schema.org\",\"@graph\":[{\"@type\":\"WebPage\",\"@id\":\"https:\/\/www.kibrisanadoluraf.com\/?page_id=1281\",\"url\":\"https:\/\/www.kibrisanadoluraf.com\/?page_id=1281\",\"name\":\"Market Buzluklar\u0131 - K\u0131br\u0131s Anadolu Raf | KibrisAnadoluRaf.com\",\"isPartOf\":{\"@id\":\"https:\/\/www.kibrisanadoluraf.com\/#website\"},\"primaryImageOfPage\":{\"@id\":\"https:\/\/www.kibrisanadoluraf.com\/?page_id=1281#primaryimage\"},\"image\":{\"@id\":\"https:\/\/www.kibrisanadoluraf.com\/?page_id=1281#primaryimage\"},\"thumbnailUrl\":\"https:\/\/www.kibrisanadoluraf.com\/wp-content\/uploads\/2024\/09\/3.jpg\",\"datePublished\":\"2024-09-16T21:02:26+00:00\",\"dateModified\":\"2025-04-29T09:30:17+00:00\",\"breadcrumb\":{\"@id\":\"https:\/\/www.kibrisanadoluraf.com\/?page_id=1281#breadcrumb\"},\"inLanguage\":\"tr\",\"potentialAction\":[{\"@type\":\"ReadAction\",\"target\":[\"https:\/\/www.kibrisanadoluraf.com\/?page_id=1281\"]}]},{\"@type\":\"ImageObject\",\"inLanguage\":\"tr\",\"@id\":\"https:\/\/www.kibrisanadoluraf.com\/?page_id=1281#primaryimage\",\"url\":\"https:\/\/www.kibrisanadoluraf.com\/wp-content\/uploads\/2024\/09\/3.jpg\",\"contentUrl\":\"https:\/\/www.kibrisanadoluraf.com\/wp-content\/uploads\/2024\/09\/3.jpg\",\"width\":768,\"height\":723},{\"@type\":\"BreadcrumbList\",\"@id\":\"https:\/\/www.kibrisanadoluraf.com\/?page_id=1281#breadcrumb\",\"itemListElement\":[{\"@type\":\"ListItem\",\"position\":1,\"name\":\"Anasayfa\",\"item\":\"https:\/\/www.kibrisanadoluraf.com\/\"},{\"@type\":\"ListItem\",\"position\":2,\"name\":\"Market Buzluklar\u0131\"}]},{\"@type\":\"WebSite\",\"@id\":\"https:\/\/www.kibrisanadoluraf.com\/#website\",\"url\":\"https:\/\/www.kibrisanadoluraf.com\/\",\"name\":\"www.kibrisanadoluraf.com\",\"description\":\"K\u0131br\u0131s Raf Lideri\",\"publisher\":{\"@id\":\"https:\/\/www.kibrisanadoluraf.com\/#organization\"},\"alternateName\":\"https:\/\/www.kibrisanadoluraf.com\",\"potentialAction\":[{\"@type\":\"SearchAction\",\"target\":{\"@type\":\"EntryPoint\",\"urlTemplate\":\"https:\/\/www.kibrisanadoluraf.com\/?s={search_term_string}\"},\"query-input\":{\"@type\":\"PropertyValueSpecification\",\"valueRequired\":true,\"valueName\":\"search_term_string\"}}],\"inLanguage\":\"tr\"},{\"@type\":\"Organization\",\"@id\":\"https:\/\/www.kibrisanadoluraf.com\/#organization\",\"name\":\"Kibris Anadolu Raf Sistemleri\",\"url\":\"https:\/\/www.kibrisanadoluraf.com\/\",\"logo\":{\"@type\":\"ImageObject\",\"inLanguage\":\"tr\",\"@id\":\"https:\/\/www.kibrisanadoluraf.com\/#\/schema\/logo\/image\/\",\"url\":\"https:\/\/www.kibrisanadoluraf.com\/wp-content\/uploads\/2024\/07\/logo.jpg\",\"contentUrl\":\"https:\/\/www.kibrisanadoluraf.com\/wp-content\/uploads\/2024\/07\/logo.jpg\",\"width\":500,\"height\":500,\"caption\":\"Kibris Anadolu Raf Sistemleri\"},\"image\":{\"@id\":\"https:\/\/www.kibrisanadoluraf.com\/#\/schema\/logo\/image\/\"},\"sameAs\":[\"https:\/\/www.facebook.com\/profile.php?id=61564128172550\"]}]}<\/script>\n<!-- \/ Yoast SEO plugin. -->","yoast_head_json":{"title":"Market Buzluklar\u0131 - K\u0131br\u0131s Anadolu Raf | KibrisAnadoluRaf.com","robots":{"index":"index","follow":"follow","max-snippet":"max-snippet:-1","max-image-preview":"max-image-preview:large","max-video-preview":"max-video-preview:-1"},"canonical":"https:\/\/www.kibrisanadoluraf.com\/?page_id=1281","og_locale":"tr_TR","og_type":"article","og_title":"Market Buzluklar\u0131 - K\u0131br\u0131s Anadolu Raf | KibrisAnadoluRaf.com","og_description":"Buzluklar MD-01 Y\u00dcKSEKL\u0130K:205 DER\u0130NL\u0130K:80 GEN\u0130\u015eL\u0130K:250 MD-02 Y\u00dcKSEKL\u0130K:205 DER\u0130NL\u0130K:90 GEN\u0130\u015eL\u0130K:400 MD-03 Y\u00dcKSEKL\u0130K:205 DER\u0130NL\u0130K:80 GEN\u0130\u015eL\u0130K:250 MD-04 Y\u00dcKSEKL\u0130K:205 DER\u0130NL\u0130K:80 GEN\u0130\u015eL\u0130K:400 MD-05 Y\u00dcKSEKL\u0130K:130 DER\u0130NL\u0130K:100 [&hellip;]","og_url":"https:\/\/www.kibrisanadoluraf.com\/?page_id=1281","og_site_name":"K\u0131br\u0131s Anadolu Raf | KibrisAnadoluRaf.com","article_publisher":"https:\/\/www.facebook.com\/profile.php?id=61564128172550","article_modified_time":"2025-04-29T09:30:17+00:00","og_image":[{"width":768,"height":723,"url":"https:\/\/www.kibrisanadoluraf.com\/wp-content\/uploads\/2024\/09\/3.jpg","type":"image\/jpeg"}],"twitter_card":"summary_large_image","twitter_misc":{"Tahmini okuma s\u00fcresi":"2 dakika"},"schema":{"@context":"https:\/\/schema.org","@graph":[{"@type":"WebPage","@id":"https:\/\/www.kibrisanadoluraf.com\/?page_id=1281","url":"https:\/\/www.kibrisanadoluraf.com\/?page_id=1281","name":"Market Buzluklar\u0131 - K\u0131br\u0131s Anadolu Raf | KibrisAnadoluRaf.com","isPartOf":{"@id":"https:\/\/www.kibrisanadoluraf.com\/#website"},"primaryImageOfPage":{"@id":"https:\/\/www.kibrisanadoluraf.com\/?page_id=1281#primaryimage"},"image":{"@id":"https:\/\/www.kibrisanadoluraf.com\/?page_id=1281#primaryimage"},"thumbnailUrl":"https:\/\/www.kibrisanadoluraf.com\/wp-content\/uploads\/2024\/09\/3.jpg","datePublished":"2024-09-16T21:02:26+00:00","dateModified":"2025-04-29T09:30:17+00:00","breadcrumb":{"@id":"https:\/\/www.kibrisanadoluraf.com\/?page_id=1281#breadcrumb"},"inLanguage":"tr","potentialAction":[{"@type":"ReadAction","target":["https:\/\/www.kibrisanadoluraf.com\/?page_id=1281"]}]},{"@type":"ImageObject","inLanguage":"tr","@id":"https:\/\/www.kibrisanadoluraf.com\/?page_id=1281#primaryimage","url":"https:\/\/www.kibrisanadoluraf.com\/wp-content\/uploads\/2024\/09\/3.jpg","contentUrl":"https:\/\/www.kibrisanadoluraf.com\/wp-content\/uploads\/2024\/09\/3.jpg","width":768,"height":723},{"@type":"BreadcrumbList","@id":"https:\/\/www.kibrisanadoluraf.com\/?page_id=1281#breadcrumb","itemListElement":[{"@type":"ListItem","position":1,"name":"Anasayfa","item":"https:\/\/www.kibrisanadoluraf.com\/"},{"@type":"ListItem","position":2,"name":"Market Buzluklar\u0131"}]},{"@type":"WebSite","@id":"https:\/\/www.kibrisanadoluraf.com\/#website","url":"https:\/\/www.kibrisanadoluraf.com\/","name":"www.kibrisanadoluraf.com","description":"K\u0131br\u0131s Raf Lideri","publisher":{"@id":"https:\/\/www.kibrisanadoluraf.com\/#organization"},"alternateName":"https:\/\/www.kibrisanadoluraf.com","potentialAction":[{"@type":"SearchAction","target":{"@type":"EntryPoint","urlTemplate":"https:\/\/www.kibrisanadoluraf.com\/?s={search_term_string}"},"query-input":{"@type":"PropertyValueSpecification","valueRequired":true,"valueName":"search_term_string"}}],"inLanguage":"tr"},{"@type":"Organization","@id":"https:\/\/www.kibrisanadoluraf.com\/#organization","name":"Kibris Anadolu Raf Sistemleri","url":"https:\/\/www.kibrisanadoluraf.com\/","logo":{"@type":"ImageObject","inLanguage":"tr","@id":"https:\/\/www.kibrisanadoluraf.com\/#\/schema\/logo\/image\/","url":"https:\/\/www.kibrisanadoluraf.com\/wp-content\/uploads\/2024\/07\/logo.jpg","contentUrl":"https:\/\/www.kibrisanadoluraf.com\/wp-content\/uploads\/2024\/07\/logo.jpg","width":500,"height":500,"caption":"Kibris Anadolu Raf Sistemleri"},"image":{"@id":"https:\/\/www.kibrisanadoluraf.com\/#\/schema\/logo\/image\/"},"sameAs":["https:\/\/www.facebook.com\/profile.php?id=61564128172550"]}]}},"_links":{"self":[{"href":"https:\/\/www.kibrisanadoluraf.com\/index.php?rest_route=\/wp\/v2\/pages\/1281","targetHints":{"allow":["GET"]}}],"collection":[{"href":"https:\/\/www.kibrisanadoluraf.com\/index.php?rest_route=\/wp\/v2\/pages"}],"about":[{"href":"https:\/\/www.kibrisanadoluraf.com\/index.php?rest_route=\/wp\/v2\/types\/page"}],"author":[{"embeddable":true,"href":"https:\/\/www.kibrisanadoluraf.com\/index.php?rest_route=\/wp\/v2\/users\/1"}],"replies":[{"embeddable":true,"href":"https:\/\/www.kibrisanadoluraf.com\/index.php?rest_route=%2Fwp%2Fv2%2Fcomments&post=1281"}],"version-history":[{"count":31,"href":"https:\/\/www.kibrisanadoluraf.com\/index.php?rest_route=\/wp\/v2\/pages\/1281\/revisions"}],"predecessor-version":[{"id":2496,"href":"https:\/\/www.kibrisanadoluraf.com\/index.php?rest_route=\/wp\/v2\/pages\/1281\/revisions\/2496"}],"wp:attachment":[{"href":"https:\/\/www.kibrisanadoluraf.com\/index.php?rest_route=%2Fwp%2Fv2%2Fmedia&parent=1281"}],"curies":[{"name":"wp","href":"https:\/\/api.w.org\/{rel}","templated":true}]}}