{"id":864,"date":"2024-08-18T21:59:20","date_gmt":"2024-08-18T21:59:20","guid":{"rendered":"https:\/\/www.kibrisanadoluraf.com\/?page_id=864"},"modified":"2024-11-11T14:58:59","modified_gmt":"2024-11-11T14:58:59","slug":"misyon-ve-vizyon","status":"publish","type":"page","link":"https:\/\/www.kibrisanadoluraf.com\/?page_id=864","title":{"rendered":"Misyon ve Vizyon"},"content":{"rendered":"\t\t<div data-elementor-type=\"wp-page\" data-elementor-id=\"864\" class=\"elementor elementor-864\" data-elementor-post-type=\"page\">\n\t\t\t\t<div class=\"elementor-element elementor-element-1c212ba e-flex e-con-boxed e-con e-parent\" data-id=\"1c212ba\" data-element_type=\"container\">\n\t\t\t\t\t<div class=\"e-con-inner\">\n\t\t\t\t<div class=\"elementor-element elementor-element-9f887ca elementor-widget elementor-widget-spacer\" data-id=\"9f887ca\" data-element_type=\"widget\" data-widget_type=\"spacer.default\">\n\t\t\t\t<div class=\"elementor-widget-container\">\n\t\t\t<style>\/*! elementor - v3.23.0 - 15-07-2024 *\/\n.elementor-column .elementor-spacer-inner{height:var(--spacer-size)}.e-con{--container-widget-width:100%}.e-con-inner>.elementor-widget-spacer,.e-con>.elementor-widget-spacer{width:var(--container-widget-width,var(--spacer-size));--align-self:var(--container-widget-align-self,initial);--flex-shrink:0}.e-con-inner>.elementor-widget-spacer>.elementor-widget-container,.e-con>.elementor-widget-spacer>.elementor-widget-container{height:100%;width:100%}.e-con-inner>.elementor-widget-spacer>.elementor-widget-container>.elementor-spacer,.e-con>.elementor-widget-spacer>.elementor-widget-container>.elementor-spacer{height:100%}.e-con-inner>.elementor-widget-spacer>.elementor-widget-container>.elementor-spacer>.elementor-spacer-inner,.e-con>.elementor-widget-spacer>.elementor-widget-container>.elementor-spacer>.elementor-spacer-inner{height:var(--container-widget-height,var(--spacer-size))}.e-con-inner>.elementor-widget-spacer.elementor-widget-empty,.e-con>.elementor-widget-spacer.elementor-widget-empty{position:relative;min-height:22px;min-width:22px}.e-con-inner>.elementor-widget-spacer.elementor-widget-empty .elementor-widget-empty-icon,.e-con>.elementor-widget-spacer.elementor-widget-empty .elementor-widget-empty-icon{position:absolute;top:0;bottom:0;left:0;right:0;margin:auto;padding:0;width:22px;height:22px}<\/style>\t\t<div class=\"elementor-spacer\">\n\t\t\t<div class=\"elementor-spacer-inner\"><\/div>\n\t\t<\/div>\n\t\t\t\t<\/div>\n\t\t\t\t<\/div>\n\t\t\t\t<div class=\"elementor-element elementor-element-e19b47c elementor-widget elementor-widget-heading\" data-id=\"e19b47c\" data-element_type=\"widget\" data-widget_type=\"heading.default\">\n\t\t\t\t<div class=\"elementor-widget-container\">\n\t\t\t<style>\/*! elementor - v3.23.0 - 15-07-2024 *\/\n.elementor-heading-title{padding:0;margin:0;line-height:1}.elementor-widget-heading .elementor-heading-title[class*=elementor-size-]>a{color:inherit;font-size:inherit;line-height:inherit}.elementor-widget-heading .elementor-heading-title.elementor-size-small{font-size:15px}.elementor-widget-heading .elementor-heading-title.elementor-size-medium{font-size:19px}.elementor-widget-heading .elementor-heading-title.elementor-size-large{font-size:29px}.elementor-widget-heading .elementor-heading-title.elementor-size-xl{font-size:39px}.elementor-widget-heading .elementor-heading-title.elementor-size-xxl{font-size:59px}<\/style><h1 class=\"elementor-heading-title elementor-size-default\">Misyonumuz<\/h1>\t\t<\/div>\n\t\t\t\t<\/div>\n\t\t\t\t\t<\/div>\n\t\t\t\t<\/div>\n\t\t<div class=\"elementor-element elementor-element-ca2e3e4 e-flex e-con-boxed e-con e-parent\" data-id=\"ca2e3e4\" data-element_type=\"container\">\n\t\t\t\t\t<div class=\"e-con-inner\">\n\t\t\t\t<div class=\"elementor-element elementor-element-66d38c9 elementor-widget-divider--view-line elementor-widget elementor-widget-divider\" data-id=\"66d38c9\" data-element_type=\"widget\" data-widget_type=\"divider.default\">\n\t\t\t\t<div class=\"elementor-widget-container\">\n\t\t\t<style>\/*! elementor - v3.23.0 - 15-07-2024 *\/\n.elementor-widget-divider{--divider-border-style:none;--divider-border-width:1px;--divider-color:#0c0d0e;--divider-icon-size:20px;--divider-element-spacing:10px;--divider-pattern-height:24px;--divider-pattern-size:20px;--divider-pattern-url:none;--divider-pattern-repeat:repeat-x}.elementor-widget-divider .elementor-divider{display:flex}.elementor-widget-divider .elementor-divider__text{font-size:15px;line-height:1;max-width:95%}.elementor-widget-divider .elementor-divider__element{margin:0 var(--divider-element-spacing);flex-shrink:0}.elementor-widget-divider .elementor-icon{font-size:var(--divider-icon-size)}.elementor-widget-divider .elementor-divider-separator{display:flex;margin:0;direction:ltr}.elementor-widget-divider--view-line_icon .elementor-divider-separator,.elementor-widget-divider--view-line_text .elementor-divider-separator{align-items:center}.elementor-widget-divider--view-line_icon .elementor-divider-separator:after,.elementor-widget-divider--view-line_icon .elementor-divider-separator:before,.elementor-widget-divider--view-line_text .elementor-divider-separator:after,.elementor-widget-divider--view-line_text .elementor-divider-separator:before{display:block;content:\"\";border-block-end:0;flex-grow:1;border-block-start:var(--divider-border-width) var(--divider-border-style) var(--divider-color)}.elementor-widget-divider--element-align-left .elementor-divider .elementor-divider-separator>.elementor-divider__svg:first-of-type{flex-grow:0;flex-shrink:100}.elementor-widget-divider--element-align-left .elementor-divider-separator:before{content:none}.elementor-widget-divider--element-align-left .elementor-divider__element{margin-left:0}.elementor-widget-divider--element-align-right .elementor-divider .elementor-divider-separator>.elementor-divider__svg:last-of-type{flex-grow:0;flex-shrink:100}.elementor-widget-divider--element-align-right .elementor-divider-separator:after{content:none}.elementor-widget-divider--element-align-right .elementor-divider__element{margin-right:0}.elementor-widget-divider--element-align-start .elementor-divider .elementor-divider-separator>.elementor-divider__svg:first-of-type{flex-grow:0;flex-shrink:100}.elementor-widget-divider--element-align-start .elementor-divider-separator:before{content:none}.elementor-widget-divider--element-align-start .elementor-divider__element{margin-inline-start:0}.elementor-widget-divider--element-align-end .elementor-divider .elementor-divider-separator>.elementor-divider__svg:last-of-type{flex-grow:0;flex-shrink:100}.elementor-widget-divider--element-align-end .elementor-divider-separator:after{content:none}.elementor-widget-divider--element-align-end .elementor-divider__element{margin-inline-end:0}.elementor-widget-divider:not(.elementor-widget-divider--view-line_text):not(.elementor-widget-divider--view-line_icon) .elementor-divider-separator{border-block-start:var(--divider-border-width) var(--divider-border-style) var(--divider-color)}.elementor-widget-divider--separator-type-pattern{--divider-border-style:none}.elementor-widget-divider--separator-type-pattern.elementor-widget-divider--view-line .elementor-divider-separator,.elementor-widget-divider--separator-type-pattern:not(.elementor-widget-divider--view-line) .elementor-divider-separator:after,.elementor-widget-divider--separator-type-pattern:not(.elementor-widget-divider--view-line) .elementor-divider-separator:before,.elementor-widget-divider--separator-type-pattern:not([class*=elementor-widget-divider--view]) .elementor-divider-separator{width:100%;min-height:var(--divider-pattern-height);-webkit-mask-size:var(--divider-pattern-size) 100%;mask-size:var(--divider-pattern-size) 100%;-webkit-mask-repeat:var(--divider-pattern-repeat);mask-repeat:var(--divider-pattern-repeat);background-color:var(--divider-color);-webkit-mask-image:var(--divider-pattern-url);mask-image:var(--divider-pattern-url)}.elementor-widget-divider--no-spacing{--divider-pattern-size:auto}.elementor-widget-divider--bg-round{--divider-pattern-repeat:round}.rtl .elementor-widget-divider .elementor-divider__text{direction:rtl}.e-con-inner>.elementor-widget-divider,.e-con>.elementor-widget-divider{width:var(--container-widget-width,100%);--flex-grow:var(--container-widget-flex-grow)}<\/style>\t\t<div class=\"elementor-divider\">\n\t\t\t<span class=\"elementor-divider-separator\">\n\t\t\t\t\t\t<\/span>\n\t\t<\/div>\n\t\t\t\t<\/div>\n\t\t\t\t<\/div>\n\t\t\t\t\t<\/div>\n\t\t\t\t<\/div>\n\t\t<div class=\"elementor-element elementor-element-8da3d07 e-flex e-con-boxed e-con e-parent\" data-id=\"8da3d07\" data-element_type=\"container\">\n\t\t\t\t\t<div class=\"e-con-inner\">\n\t\t\t\t<div class=\"elementor-element elementor-element-277cf52 elementor-widget elementor-widget-text-editor\" data-id=\"277cf52\" data-element_type=\"widget\" data-widget_type=\"text-editor.default\">\n\t\t\t\t<div class=\"elementor-widget-container\">\n\t\t\t<style>\/*! elementor - v3.23.0 - 15-07-2024 *\/\n.elementor-widget-text-editor.elementor-drop-cap-view-stacked .elementor-drop-cap{background-color:#69727d;color:#fff}.elementor-widget-text-editor.elementor-drop-cap-view-framed .elementor-drop-cap{color:#69727d;border:3px solid;background-color:transparent}.elementor-widget-text-editor:not(.elementor-drop-cap-view-default) .elementor-drop-cap{margin-top:8px}.elementor-widget-text-editor:not(.elementor-drop-cap-view-default) .elementor-drop-cap-letter{width:1em;height:1em}.elementor-widget-text-editor .elementor-drop-cap{float:left;text-align:center;line-height:1;font-size:50px}.elementor-widget-text-editor .elementor-drop-cap-letter{display:inline-block}<\/style>\t\t\t\t<p>Kuzey K\u0131br\u0131s&#8217;ta raf sistemleri alan\u0131nda yenilik\u00e7i ve g\u00fcvenilir \u00e7\u00f6z\u00fcmler sunarak, m\u00fc\u015fterilerimizin ihtiya\u00e7lar\u0131n\u0131 en \u00fcst d\u00fczeyde kar\u015f\u0131lamak. Y\u00fcksek kaliteli malzemeler ve uzman kadromuzla, dayan\u0131kl\u0131, i\u015flevsel ve estetik raf \u00e7\u00f6z\u00fcmleri geli\u015ftirirken, m\u00fc\u015fteri memnuniyetini her zaman \u00f6n planda tutuyoruz. \u0130\u015f s\u00fcre\u00e7lerimizi s\u00fcrekli iyile\u015ftirerek, sekt\u00f6rdeki lider konumumuzu g\u00fc\u00e7lendirmeyi ve m\u00fc\u015fterilerimize en iyi hizmeti sunmay\u0131 hedefliyoruz.<\/p>\t\t\t\t\t\t<\/div>\n\t\t\t\t<\/div>\n\t\t\t\t\t<\/div>\n\t\t\t\t<\/div>\n\t\t<div class=\"elementor-element elementor-element-f4f4426 e-flex e-con-boxed e-con e-parent\" data-id=\"f4f4426\" data-element_type=\"container\">\n\t\t\t\t\t<div class=\"e-con-inner\">\n\t\t\t\t<div class=\"elementor-element elementor-element-14968a0 elementor-widget elementor-widget-heading\" data-id=\"14968a0\" data-element_type=\"widget\" data-widget_type=\"heading.default\">\n\t\t\t\t<div class=\"elementor-widget-container\">\n\t\t\t<h1 class=\"elementor-heading-title elementor-size-default\">Vizyonumuz<\/h1>\t\t<\/div>\n\t\t\t\t<\/div>\n\t\t\t\t\t<\/div>\n\t\t\t\t<\/div>\n\t\t<div class=\"elementor-element elementor-element-225c293 e-flex e-con-boxed e-con e-parent\" data-id=\"225c293\" data-element_type=\"container\">\n\t\t\t\t\t<div class=\"e-con-inner\">\n\t\t\t\t<div class=\"elementor-element elementor-element-7ba22b8 elementor-widget-divider--view-line elementor-widget elementor-widget-divider\" data-id=\"7ba22b8\" data-element_type=\"widget\" data-widget_type=\"divider.default\">\n\t\t\t\t<div class=\"elementor-widget-container\">\n\t\t\t\t\t<div class=\"elementor-divider\">\n\t\t\t<span class=\"elementor-divider-separator\">\n\t\t\t\t\t\t<\/span>\n\t\t<\/div>\n\t\t\t\t<\/div>\n\t\t\t\t<\/div>\n\t\t\t\t\t<\/div>\n\t\t\t\t<\/div>\n\t\t<div class=\"elementor-element elementor-element-b54c96d e-flex e-con-boxed e-con e-parent\" data-id=\"b54c96d\" data-element_type=\"container\">\n\t\t\t\t\t<div class=\"e-con-inner\">\n\t\t\t\t<div class=\"elementor-element elementor-element-9af8324 elementor-widget elementor-widget-text-editor\" data-id=\"9af8324\" data-element_type=\"widget\" data-widget_type=\"text-editor.default\">\n\t\t\t\t<div class=\"elementor-widget-container\">\n\t\t\t\t\t\t\t<p>Kuzey K\u0131br\u0131s&#8217;ta raf sistemleri alan\u0131nda yenilik\u00e7i ve g\u00fcvenilir \u00e7\u00f6z\u00fcmler sunarak, m\u00fc\u015fterilerimizin ihtiya\u00e7lar\u0131n\u0131 en \u00fcst d\u00fczeyde kar\u015f\u0131lamak. Y\u00fcksek kaliteli malzemeler ve uzman kadromuzla, dayan\u0131kl\u0131, i\u015flevsel ve estetik raf \u00e7\u00f6z\u00fcmleri geli\u015ftirirken, m\u00fc\u015fteri memnuniyetini her zaman \u00f6n planda tutuyoruz. \u0130\u015f s\u00fcre\u00e7lerimizi s\u00fcrekli iyile\u015ftirerek, sekt\u00f6rdeki lider konumumuzu g\u00fc\u00e7lendirmeyi ve m\u00fc\u015fterilerimize en iyi hizmeti sunmay\u0131 hedefliyoruz.<\/p>\t\t\t\t\t\t<\/div>\n\t\t\t\t<\/div>\n\t\t\t\t\t<\/div>\n\t\t\t\t<\/div>\n\t\t\t\t<\/div>\n\t\t","protected":false},"excerpt":{"rendered":"<p>Misyonumuz Kuzey K\u0131br\u0131s&#8217;ta raf sistemleri alan\u0131nda yenilik\u00e7i ve g\u00fcvenilir \u00e7\u00f6z\u00fcmler sunarak, m\u00fc\u015fterilerimizin ihtiya\u00e7lar\u0131n\u0131 en \u00fcst d\u00fczeyde kar\u015f\u0131lamak. Y\u00fcksek kaliteli malzemeler [&hellip;]<\/p>\n","protected":false},"author":1,"featured_media":0,"parent":0,"menu_order":0,"comment_status":"closed","ping_status":"closed","template":"","meta":{"site-sidebar-layout":"no-sidebar","site-content-layout":"","ast-site-content-layout":"full-width-container","site-content-style":"default","site-sidebar-style":"default","ast-global-header-display":"","ast-banner-title-visibility":"","ast-main-header-display":"","ast-hfb-above-header-display":"","ast-hfb-below-header-display":"","ast-hfb-mobile-header-display":"","site-post-title":"disabled","ast-breadcrumbs-content":"","ast-featured-img":"disabled","footer-sml-layout":"","theme-transparent-header-meta":"","adv-header-id-meta":"","stick-header-meta":"","header-above-stick-meta":"","header-main-stick-meta":"","header-below-stick-meta":"","astra-migrate-meta-layouts":"default","ast-page-background-enabled":"default","ast-page-background-meta":{"desktop":{"background-color":"var(--ast-global-color-4)","background-image":"","background-repeat":"repeat","background-position":"center center","background-size":"auto","background-attachment":"scroll","background-type":"","background-media":"","overlay-type":"","overlay-color":"","overlay-opacity":"","overlay-gradient":""},"tablet":{"background-color":"","background-image":"","background-repeat":"repeat","background-position":"center center","background-size":"auto","background-attachment":"scroll","background-type":"","background-media":"","overlay-type":"","overlay-color":"","overlay-opacity":"","overlay-gradient":""},"mobile":{"background-color":"","background-image":"","background-repeat":"repeat","background-position":"center center","background-size":"auto","background-attachment":"scroll","background-type":"","background-media":"","overlay-type":"","overlay-color":"","overlay-opacity":"","overlay-gradient":""}},"ast-content-background-meta":{"desktop":{"background-color":"var(--ast-global-color-5)","background-image":"","background-repeat":"repeat","background-position":"center center","background-size":"auto","background-attachment":"scroll","background-type":"","background-media":"","overlay-type":"","overlay-color":"","overlay-opacity":"","overlay-gradient":""},"tablet":{"background-color":"var(--ast-global-color-5)","background-image":"","background-repeat":"repeat","background-position":"center center","background-size":"auto","background-attachment":"scroll","background-type":"","background-media":"","overlay-type":"","overlay-color":"","overlay-opacity":"","overlay-gradient":""},"mobile":{"background-color":"var(--ast-global-color-5)","background-image":"","background-repeat":"repeat","background-position":"center center","background-size":"auto","background-attachment":"scroll","background-type":"","background-media":"","overlay-type":"","overlay-color":"","overlay-opacity":"","overlay-gradient":""}},"footnotes":""},"class_list":["post-864","page","type-page","status-publish","hentry"],"yoast_head":"<!-- This site is optimized with the Yoast SEO plugin v23.6 - https:\/\/yoast.com\/wordpress\/plugins\/seo\/ -->\n<title>Misyon ve Vizyon - K\u0131br\u0131s Anadolu Raf | KibrisAnadoluRaf.com<\/title>\n<meta name=\"robots\" content=\"index, follow, max-snippet:-1, max-image-preview:large, max-video-preview:-1\" \/>\n<link rel=\"canonical\" href=\"https:\/\/www.kibrisanadoluraf.com\/?page_id=864\" \/>\n<meta property=\"og:locale\" content=\"tr_TR\" \/>\n<meta property=\"og:type\" content=\"article\" \/>\n<meta property=\"og:title\" content=\"Misyon ve Vizyon - K\u0131br\u0131s Anadolu Raf | KibrisAnadoluRaf.com\" \/>\n<meta property=\"og:description\" content=\"Misyonumuz Kuzey K\u0131br\u0131s&#8217;ta raf sistemleri alan\u0131nda yenilik\u00e7i ve g\u00fcvenilir \u00e7\u00f6z\u00fcmler sunarak, m\u00fc\u015fterilerimizin ihtiya\u00e7lar\u0131n\u0131 en \u00fcst d\u00fczeyde kar\u015f\u0131lamak. Y\u00fcksek kaliteli malzemeler [&hellip;]\" \/>\n<meta property=\"og:url\" content=\"https:\/\/www.kibrisanadoluraf.com\/?page_id=864\" \/>\n<meta property=\"og:site_name\" content=\"K\u0131br\u0131s Anadolu Raf | KibrisAnadoluRaf.com\" \/>\n<meta property=\"article:publisher\" content=\"https:\/\/www.facebook.com\/profile.php?id=61564128172550\" \/>\n<meta property=\"article:modified_time\" content=\"2024-11-11T14:58:59+00:00\" \/>\n<meta name=\"twitter:card\" content=\"summary_large_image\" \/>\n<meta name=\"twitter:label1\" content=\"Tahmini okuma s\u00fcresi\" \/>\n\t<meta name=\"twitter:data1\" content=\"1 dakika\" \/>\n<script type=\"application\/ld+json\" class=\"yoast-schema-graph\">{\"@context\":\"https:\/\/schema.org\",\"@graph\":[{\"@type\":\"WebPage\",\"@id\":\"https:\/\/www.kibrisanadoluraf.com\/?page_id=864\",\"url\":\"https:\/\/www.kibrisanadoluraf.com\/?page_id=864\",\"name\":\"Misyon ve Vizyon - K\u0131br\u0131s Anadolu Raf | KibrisAnadoluRaf.com\",\"isPartOf\":{\"@id\":\"https:\/\/www.kibrisanadoluraf.com\/#website\"},\"datePublished\":\"2024-08-18T21:59:20+00:00\",\"dateModified\":\"2024-11-11T14:58:59+00:00\",\"breadcrumb\":{\"@id\":\"https:\/\/www.kibrisanadoluraf.com\/?page_id=864#breadcrumb\"},\"inLanguage\":\"tr\",\"potentialAction\":[{\"@type\":\"ReadAction\",\"target\":[\"https:\/\/www.kibrisanadoluraf.com\/?page_id=864\"]}]},{\"@type\":\"BreadcrumbList\",\"@id\":\"https:\/\/www.kibrisanadoluraf.com\/?page_id=864#breadcrumb\",\"itemListElement\":[{\"@type\":\"ListItem\",\"position\":1,\"name\":\"Anasayfa\",\"item\":\"https:\/\/www.kibrisanadoluraf.com\/\"},{\"@type\":\"ListItem\",\"position\":2,\"name\":\"Misyon ve Vizyon\"}]},{\"@type\":\"WebSite\",\"@id\":\"https:\/\/www.kibrisanadoluraf.com\/#website\",\"url\":\"https:\/\/www.kibrisanadoluraf.com\/\",\"name\":\"www.kibrisanadoluraf.com\",\"description\":\"K\u0131br\u0131s Raf Lideri\",\"publisher\":{\"@id\":\"https:\/\/www.kibrisanadoluraf.com\/#organization\"},\"alternateName\":\"https:\/\/www.kibrisanadoluraf.com\",\"potentialAction\":[{\"@type\":\"SearchAction\",\"target\":{\"@type\":\"EntryPoint\",\"urlTemplate\":\"https:\/\/www.kibrisanadoluraf.com\/?s={search_term_string}\"},\"query-input\":{\"@type\":\"PropertyValueSpecification\",\"valueRequired\":true,\"valueName\":\"search_term_string\"}}],\"inLanguage\":\"tr\"},{\"@type\":\"Organization\",\"@id\":\"https:\/\/www.kibrisanadoluraf.com\/#organization\",\"name\":\"Kibris Anadolu Raf Sistemleri\",\"url\":\"https:\/\/www.kibrisanadoluraf.com\/\",\"logo\":{\"@type\":\"ImageObject\",\"inLanguage\":\"tr\",\"@id\":\"https:\/\/www.kibrisanadoluraf.com\/#\/schema\/logo\/image\/\",\"url\":\"https:\/\/www.kibrisanadoluraf.com\/wp-content\/uploads\/2024\/07\/logo.jpg\",\"contentUrl\":\"https:\/\/www.kibrisanadoluraf.com\/wp-content\/uploads\/2024\/07\/logo.jpg\",\"width\":500,\"height\":500,\"caption\":\"Kibris Anadolu Raf Sistemleri\"},\"image\":{\"@id\":\"https:\/\/www.kibrisanadoluraf.com\/#\/schema\/logo\/image\/\"},\"sameAs\":[\"https:\/\/www.facebook.com\/profile.php?id=61564128172550\"]}]}<\/script>\n<!-- \/ Yoast SEO plugin. -->","yoast_head_json":{"title":"Misyon ve Vizyon - K\u0131br\u0131s Anadolu Raf | KibrisAnadoluRaf.com","robots":{"index":"index","follow":"follow","max-snippet":"max-snippet:-1","max-image-preview":"max-image-preview:large","max-video-preview":"max-video-preview:-1"},"canonical":"https:\/\/www.kibrisanadoluraf.com\/?page_id=864","og_locale":"tr_TR","og_type":"article","og_title":"Misyon ve Vizyon - K\u0131br\u0131s Anadolu Raf | KibrisAnadoluRaf.com","og_description":"Misyonumuz Kuzey K\u0131br\u0131s&#8217;ta raf sistemleri alan\u0131nda yenilik\u00e7i ve g\u00fcvenilir \u00e7\u00f6z\u00fcmler sunarak, m\u00fc\u015fterilerimizin ihtiya\u00e7lar\u0131n\u0131 en \u00fcst d\u00fczeyde kar\u015f\u0131lamak. Y\u00fcksek kaliteli malzemeler [&hellip;]","og_url":"https:\/\/www.kibrisanadoluraf.com\/?page_id=864","og_site_name":"K\u0131br\u0131s Anadolu Raf | KibrisAnadoluRaf.com","article_publisher":"https:\/\/www.facebook.com\/profile.php?id=61564128172550","article_modified_time":"2024-11-11T14:58:59+00:00","twitter_card":"summary_large_image","twitter_misc":{"Tahmini okuma s\u00fcresi":"1 dakika"},"schema":{"@context":"https:\/\/schema.org","@graph":[{"@type":"WebPage","@id":"https:\/\/www.kibrisanadoluraf.com\/?page_id=864","url":"https:\/\/www.kibrisanadoluraf.com\/?page_id=864","name":"Misyon ve Vizyon - K\u0131br\u0131s Anadolu Raf | KibrisAnadoluRaf.com","isPartOf":{"@id":"https:\/\/www.kibrisanadoluraf.com\/#website"},"datePublished":"2024-08-18T21:59:20+00:00","dateModified":"2024-11-11T14:58:59+00:00","breadcrumb":{"@id":"https:\/\/www.kibrisanadoluraf.com\/?page_id=864#breadcrumb"},"inLanguage":"tr","potentialAction":[{"@type":"ReadAction","target":["https:\/\/www.kibrisanadoluraf.com\/?page_id=864"]}]},{"@type":"BreadcrumbList","@id":"https:\/\/www.kibrisanadoluraf.com\/?page_id=864#breadcrumb","itemListElement":[{"@type":"ListItem","position":1,"name":"Anasayfa","item":"https:\/\/www.kibrisanadoluraf.com\/"},{"@type":"ListItem","position":2,"name":"Misyon ve Vizyon"}]},{"@type":"WebSite","@id":"https:\/\/www.kibrisanadoluraf.com\/#website","url":"https:\/\/www.kibrisanadoluraf.com\/","name":"www.kibrisanadoluraf.com","description":"K\u0131br\u0131s Raf Lideri","publisher":{"@id":"https:\/\/www.kibrisanadoluraf.com\/#organization"},"alternateName":"https:\/\/www.kibrisanadoluraf.com","potentialAction":[{"@type":"SearchAction","target":{"@type":"EntryPoint","urlTemplate":"https:\/\/www.kibrisanadoluraf.com\/?s={search_term_string}"},"query-input":{"@type":"PropertyValueSpecification","valueRequired":true,"valueName":"search_term_string"}}],"inLanguage":"tr"},{"@type":"Organization","@id":"https:\/\/www.kibrisanadoluraf.com\/#organization","name":"Kibris Anadolu Raf Sistemleri","url":"https:\/\/www.kibrisanadoluraf.com\/","logo":{"@type":"ImageObject","inLanguage":"tr","@id":"https:\/\/www.kibrisanadoluraf.com\/#\/schema\/logo\/image\/","url":"https:\/\/www.kibrisanadoluraf.com\/wp-content\/uploads\/2024\/07\/logo.jpg","contentUrl":"https:\/\/www.kibrisanadoluraf.com\/wp-content\/uploads\/2024\/07\/logo.jpg","width":500,"height":500,"caption":"Kibris Anadolu Raf Sistemleri"},"image":{"@id":"https:\/\/www.kibrisanadoluraf.com\/#\/schema\/logo\/image\/"},"sameAs":["https:\/\/www.facebook.com\/profile.php?id=61564128172550"]}]}},"_links":{"self":[{"href":"https:\/\/www.kibrisanadoluraf.com\/index.php?rest_route=\/wp\/v2\/pages\/864","targetHints":{"allow":["GET"]}}],"collection":[{"href":"https:\/\/www.kibrisanadoluraf.com\/index.php?rest_route=\/wp\/v2\/pages"}],"about":[{"href":"https:\/\/www.kibrisanadoluraf.com\/index.php?rest_route=\/wp\/v2\/types\/page"}],"author":[{"embeddable":true,"href":"https:\/\/www.kibrisanadoluraf.com\/index.php?rest_route=\/wp\/v2\/users\/1"}],"replies":[{"embeddable":true,"href":"https:\/\/www.kibrisanadoluraf.com\/index.php?rest_route=%2Fwp%2Fv2%2Fcomments&post=864"}],"version-history":[{"count":38,"href":"https:\/\/www.kibrisanadoluraf.com\/index.php?rest_route=\/wp\/v2\/pages\/864\/revisions"}],"predecessor-version":[{"id":2200,"href":"https:\/\/www.kibrisanadoluraf.com\/index.php?rest_route=\/wp\/v2\/pages\/864\/revisions\/2200"}],"wp:attachment":[{"href":"https:\/\/www.kibrisanadoluraf.com\/index.php?rest_route=%2Fwp%2Fv2%2Fmedia&parent=864"}],"curies":[{"name":"wp","href":"https:\/\/api.w.org\/{rel}","templated":true}]}}