{"id":911,"date":"2024-08-19T11:58:22","date_gmt":"2024-08-19T11:58:22","guid":{"rendered":"https:\/\/www.kibrisanadoluraf.com\/?page_id=911"},"modified":"2024-11-11T15:00:29","modified_gmt":"2024-11-11T15:00:29","slug":"calisma-saatleri","status":"publish","type":"page","link":"https:\/\/www.kibrisanadoluraf.com\/?page_id=911","title":{"rendered":"\u00c7al\u0131\u015fma Saatleri"},"content":{"rendered":"\t\t<div data-elementor-type=\"wp-page\" data-elementor-id=\"911\" class=\"elementor elementor-911\" data-elementor-post-type=\"page\">\n\t\t\t\t<div class=\"elementor-element elementor-element-0760551 e-flex e-con-boxed e-con e-parent\" data-id=\"0760551\" data-element_type=\"container\">\n\t\t\t\t\t<div class=\"e-con-inner\">\n\t\t<div class=\"elementor-element elementor-element-d2ade9e e-con-full e-flex e-con e-child\" data-id=\"d2ade9e\" data-element_type=\"container\">\n\t\t\t\t<div class=\"elementor-element elementor-element-278dba2 elementor-widget elementor-widget-heading\" data-id=\"278dba2\" data-element_type=\"widget\" data-widget_type=\"heading.default\">\n\t\t\t\t<div class=\"elementor-widget-container\">\n\t\t\t<style>\/*! elementor - v3.23.0 - 15-07-2024 *\/\n.elementor-heading-title{padding:0;margin:0;line-height:1}.elementor-widget-heading .elementor-heading-title[class*=elementor-size-]>a{color:inherit;font-size:inherit;line-height:inherit}.elementor-widget-heading .elementor-heading-title.elementor-size-small{font-size:15px}.elementor-widget-heading .elementor-heading-title.elementor-size-medium{font-size:19px}.elementor-widget-heading .elementor-heading-title.elementor-size-large{font-size:29px}.elementor-widget-heading .elementor-heading-title.elementor-size-xl{font-size:39px}.elementor-widget-heading .elementor-heading-title.elementor-size-xxl{font-size:59px}<\/style><h2 class=\"elementor-heading-title elementor-size-default\">\u00c7al\u0131\u015fma Saatlerimiz<\/h2>\t\t<\/div>\n\t\t\t\t<\/div>\n\t\t\t\t<\/div>\n\t\t\t\t\t<\/div>\n\t\t\t\t<\/div>\n\t\t<div class=\"elementor-element elementor-element-9fc6751 e-flex e-con-boxed e-con e-parent\" data-id=\"9fc6751\" data-element_type=\"container\">\n\t\t\t\t\t<div class=\"e-con-inner\">\n\t\t\t\t<div class=\"elementor-element elementor-element-3eaf3ea elementor-widget elementor-widget-price-list\" data-id=\"3eaf3ea\" data-element_type=\"widget\" data-widget_type=\"price-list.default\">\n\t\t\t\t<div class=\"elementor-widget-container\">\n\t\t\t<style>\/*! pro-elements - v3.22.0 - 24-06-2024 *\/\n.elementor-widget-price-list .elementor-price-list{list-style:none;padding:0;margin:0}.elementor-widget-price-list .elementor-price-list li{margin:0}.elementor-price-list li:not(:last-child){margin-bottom:20px}.elementor-price-list .elementor-price-list-image{max-width:50%;flex-shrink:0;padding-inline-end:25px}.elementor-price-list .elementor-price-list-image img{width:100%}.elementor-price-list .elementor-price-list-header,.elementor-price-list .elementor-price-list-item,.elementor-price-list .elementor-price-list-text{display:flex}.elementor-price-list .elementor-price-list-item{align-items:flex-start}.elementor-price-list .elementor-price-list-item .elementor-price-list-text{align-items:flex-start;flex-wrap:wrap;flex-grow:1}.elementor-price-list .elementor-price-list-item .elementor-price-list-header{align-items:center;flex-basis:100%;font-size:19px;font-weight:600;margin-bottom:10px;justify-content:space-between}.elementor-price-list .elementor-price-list-item .elementor-price-list-title{max-width:80%}.elementor-price-list .elementor-price-list-item .elementor-price-list-price{font-weight:600}.elementor-price-list .elementor-price-list-item p.elementor-price-list-description{flex-basis:100%;font-size:14px;margin:0}.elementor-price-list .elementor-price-list-item .elementor-price-list-separator{flex-grow:1;margin-left:10px;margin-right:10px;border-bottom-style:dotted;border-bottom-width:2px;height:0}.elementor-price-table{text-align:center}.elementor-price-table .elementor-price-table__header{background:var(--e-price-table-header-background-color,#555);padding:20px 0}.elementor-price-table .elementor-price-table__heading{margin:0;padding:0;line-height:1.2;font-size:24px;font-weight:600;color:#fff}.elementor-price-table .elementor-price-table__subheading{font-size:13px;font-weight:400;color:#fff}.elementor-price-table .elementor-price-table__original-price{margin-inline-end:15px;text-decoration:line-through;font-size:.5em;line-height:1;font-weight:400;align-self:center}.elementor-price-table .elementor-price-table__original-price .elementor-price-table__currency{font-size:1em;margin:0}.elementor-price-table .elementor-price-table__price{display:flex;justify-content:center;align-items:center;flex-wrap:wrap;flex-direction:row;color:#555;font-weight:800;font-size:65px;padding:40px 0}.elementor-price-table .elementor-price-table__price .elementor-typo-excluded{line-height:normal;letter-spacing:normal;text-transform:none;font-weight:400;font-size:medium;font-style:normal}.elementor-price-table .elementor-price-table__after-price{display:flex;flex-wrap:wrap;text-align:start;align-self:stretch;align-items:flex-start;flex-direction:column}.elementor-price-table .elementor-price-table__integer-part{line-height:.8}.elementor-price-table .elementor-price-table__currency,.elementor-price-table .elementor-price-table__fractional-part{line-height:1;font-size:.3em}.elementor-price-table .elementor-price-table__currency{margin-inline-end:3px}.elementor-price-table .elementor-price-table__period{width:100%;font-size:13px;font-weight:400}.elementor-price-table .elementor-price-table__features-list{list-style-type:none;margin:0;padding:0;line-height:1;color:var(--e-price-table-features-list-color)}.elementor-price-table .elementor-price-table__features-list li{font-size:14px;line-height:1;margin:0;padding:0}.elementor-price-table .elementor-price-table__features-list li .elementor-price-table__feature-inner{margin-left:15px;margin-right:15px}.elementor-price-table .elementor-price-table__features-list li:not(:first-child):before{content:\"\";display:block;border:0 solid hsla(0,0%,47.8%,.3);margin:10px 12.5%}.elementor-price-table .elementor-price-table__features-list i{margin-inline-end:10px;font-size:1.3em}.elementor-price-table .elementor-price-table__features-list svg{margin-inline-end:10px;fill:var(--e-price-table-features-list-color);height:1.3em;width:1.3em}.elementor-price-table .elementor-price-table__features-list svg~*{vertical-align:text-top}.elementor-price-table .elementor-price-table__footer{padding:30px 0}.elementor-price-table .elementor-price-table__additional_info{margin:0;font-size:13px;line-height:1.4}.elementor-price-table__ribbon{position:absolute;top:0;left:auto;right:0;transform:rotate(90deg);width:150px;overflow:hidden;height:150px}.elementor-price-table__ribbon-inner{text-align:center;left:0;width:200%;transform:translateY(-50%) translateX(-50%) translateX(35px) rotate(-45deg);margin-top:35px;font-size:13px;line-height:2;font-weight:800;text-transform:uppercase;background:#000}.elementor-price-table__ribbon.elementor-ribbon-left{transform:rotate(0);left:0;right:auto}.elementor-price-table__ribbon.elementor-ribbon-right{transform:rotate(90deg);left:auto;right:0}.elementor-widget-price-table .elementor-widget-container{overflow:hidden;background-color:#f9fafa}.e-con-inner>.elementor-widget-price-list,.e-con>.elementor-widget-price-list{width:var(--container-widget-width);--flex-grow:var(--container-widget-flex-grow)}<\/style>\n\t\t<ul class=\"elementor-price-list\">\n\n\t\t\t\t\t\t\t\t\t<li><a class=\"elementor-price-list-item\" href=\"#\">\t\t\t\t\n\t\t\t\t<div class=\"elementor-price-list-text\">\n\t\t\t\t\t\t\t\t\t<div class=\"elementor-price-list-header\">\n\t\t\t\t\t\t\t\t\t\t\t<span class=\"elementor-price-list-title\">\n\t\t\t\t\t\t\tPazartesi - Cuma\t\t\t\t\t\t<\/span>\n\t\t\t\t\t\t\t\t\t\t\t\t\t\t\t\t\t\t<span class=\"elementor-price-list-separator\"><\/span>\n\t\t\t\t\t\t\t\t\t\t\t\t\t\t\t\t\t\t\t<span class=\"elementor-price-list-price\">08:00 - 18:00<\/span>\n\t\t\t\t\t\t\t\t\t\t<\/div>\n\t\t\t\t\t\t\t\t\t\t\t\t<\/div>\n\t\t\t\t<\/a><\/li>\t\t\t\t\t\t\t\t\t\t\t\t<li><a class=\"elementor-price-list-item\" href=\"#\">\t\t\t\t\n\t\t\t\t<div class=\"elementor-price-list-text\">\n\t\t\t\t\t\t\t\t\t<div class=\"elementor-price-list-header\">\n\t\t\t\t\t\t\t\t\t\t\t<span class=\"elementor-price-list-title\">\n\t\t\t\t\t\t\tCumartesi\t\t\t\t\t\t<\/span>\n\t\t\t\t\t\t\t\t\t\t\t\t\t\t\t\t\t\t<span class=\"elementor-price-list-separator\"><\/span>\n\t\t\t\t\t\t\t\t\t\t\t\t\t\t\t\t\t\t\t<span class=\"elementor-price-list-price\">08:00 - 15:00<\/span>\n\t\t\t\t\t\t\t\t\t\t<\/div>\n\t\t\t\t\t\t\t\t\t\t\t\t<\/div>\n\t\t\t\t<\/a><\/li>\t\t\t\t\t\t\t\t\t\t\t\t<li><a class=\"elementor-price-list-item\" href=\"#\">\t\t\t\t\n\t\t\t\t<div class=\"elementor-price-list-text\">\n\t\t\t\t\t\t\t\t\t<div class=\"elementor-price-list-header\">\n\t\t\t\t\t\t\t\t\t\t\t<span class=\"elementor-price-list-title\">\n\t\t\t\t\t\t\tPazar\t\t\t\t\t\t<\/span>\n\t\t\t\t\t\t\t\t\t\t\t\t\t\t\t\t\t\t<span class=\"elementor-price-list-separator\"><\/span>\n\t\t\t\t\t\t\t\t\t\t\t\t\t\t\t\t\t\t\t<span class=\"elementor-price-list-price\">Kapal\u0131<\/span>\n\t\t\t\t\t\t\t\t\t\t<\/div>\n\t\t\t\t\t\t\t\t\t\t\t\t<\/div>\n\t\t\t\t<\/a><\/li>\t\t\t\t\t\n\t\t<\/ul>\n\n\t\t\t\t<\/div>\n\t\t\t\t<\/div>\n\t\t\t\t\t<\/div>\n\t\t\t\t<\/div>\n\t\t\t\t<\/div>\n\t\t","protected":false},"excerpt":{"rendered":"<p>\u00c7al\u0131\u015fma Saatlerimiz Pazartesi &#8211; Cuma 08:00 &#8211; 18:00 Cumartesi 08:00 &#8211; 15:00 Pazar Kapal\u0131<\/p>\n","protected":false},"author":1,"featured_media":0,"parent":0,"menu_order":0,"comment_status":"closed","ping_status":"closed","template":"","meta":{"site-sidebar-layout":"no-sidebar","site-content-layout":"","ast-site-content-layout":"full-width-container","site-content-style":"default","site-sidebar-style":"default","ast-global-header-display":"","ast-banner-title-visibility":"","ast-main-header-display":"","ast-hfb-above-header-display":"","ast-hfb-below-header-display":"","ast-hfb-mobile-header-display":"","site-post-title":"disabled","ast-breadcrumbs-content":"","ast-featured-img":"disabled","footer-sml-layout":"","theme-transparent-header-meta":"","adv-header-id-meta":"","stick-header-meta":"","header-above-stick-meta":"","header-main-stick-meta":"","header-below-stick-meta":"","astra-migrate-meta-layouts":"default","ast-page-background-enabled":"default","ast-page-background-meta":{"desktop":{"background-color":"var(--ast-global-color-4)","background-image":"","background-repeat":"repeat","background-position":"center center","background-size":"auto","background-attachment":"scroll","background-type":"","background-media":"","overlay-type":"","overlay-color":"","overlay-opacity":"","overlay-gradient":""},"tablet":{"background-color":"","background-image":"","background-repeat":"repeat","background-position":"center center","background-size":"auto","background-attachment":"scroll","background-type":"","background-media":"","overlay-type":"","overlay-color":"","overlay-opacity":"","overlay-gradient":""},"mobile":{"background-color":"","background-image":"","background-repeat":"repeat","background-position":"center center","background-size":"auto","background-attachment":"scroll","background-type":"","background-media":"","overlay-type":"","overlay-color":"","overlay-opacity":"","overlay-gradient":""}},"ast-content-background-meta":{"desktop":{"background-color":"var(--ast-global-color-5)","background-image":"","background-repeat":"repeat","background-position":"center center","background-size":"auto","background-attachment":"scroll","background-type":"","background-media":"","overlay-type":"","overlay-color":"","overlay-opacity":"","overlay-gradient":""},"tablet":{"background-color":"var(--ast-global-color-5)","background-image":"","background-repeat":"repeat","background-position":"center center","background-size":"auto","background-attachment":"scroll","background-type":"","background-media":"","overlay-type":"","overlay-color":"","overlay-opacity":"","overlay-gradient":""},"mobile":{"background-color":"var(--ast-global-color-5)","background-image":"","background-repeat":"repeat","background-position":"center center","background-size":"auto","background-attachment":"scroll","background-type":"","background-media":"","overlay-type":"","overlay-color":"","overlay-opacity":"","overlay-gradient":""}},"footnotes":""},"class_list":["post-911","page","type-page","status-publish","hentry"],"yoast_head":"<!-- This site is optimized with the Yoast SEO plugin v23.6 - https:\/\/yoast.com\/wordpress\/plugins\/seo\/ -->\n<title>\u00c7al\u0131\u015fma Saatleri - K\u0131br\u0131s Anadolu Raf | KibrisAnadoluRaf.com<\/title>\n<meta name=\"robots\" content=\"index, follow, max-snippet:-1, max-image-preview:large, max-video-preview:-1\" \/>\n<link rel=\"canonical\" href=\"https:\/\/www.kibrisanadoluraf.com\/?page_id=911\" \/>\n<meta property=\"og:locale\" content=\"tr_TR\" \/>\n<meta property=\"og:type\" content=\"article\" \/>\n<meta property=\"og:title\" content=\"\u00c7al\u0131\u015fma Saatleri - K\u0131br\u0131s Anadolu Raf | KibrisAnadoluRaf.com\" \/>\n<meta property=\"og:description\" content=\"\u00c7al\u0131\u015fma Saatlerimiz Pazartesi &#8211; Cuma 08:00 &#8211; 18:00 Cumartesi 08:00 &#8211; 15:00 Pazar Kapal\u0131\" \/>\n<meta property=\"og:url\" content=\"https:\/\/www.kibrisanadoluraf.com\/?page_id=911\" \/>\n<meta property=\"og:site_name\" content=\"K\u0131br\u0131s Anadolu Raf | KibrisAnadoluRaf.com\" \/>\n<meta property=\"article:publisher\" content=\"https:\/\/www.facebook.com\/profile.php?id=61564128172550\" \/>\n<meta property=\"article:modified_time\" content=\"2024-11-11T15:00:29+00:00\" \/>\n<meta name=\"twitter:card\" content=\"summary_large_image\" \/>\n<script type=\"application\/ld+json\" class=\"yoast-schema-graph\">{\"@context\":\"https:\/\/schema.org\",\"@graph\":[{\"@type\":\"WebPage\",\"@id\":\"https:\/\/www.kibrisanadoluraf.com\/?page_id=911\",\"url\":\"https:\/\/www.kibrisanadoluraf.com\/?page_id=911\",\"name\":\"\u00c7al\u0131\u015fma Saatleri - K\u0131br\u0131s Anadolu Raf | KibrisAnadoluRaf.com\",\"isPartOf\":{\"@id\":\"https:\/\/www.kibrisanadoluraf.com\/#website\"},\"datePublished\":\"2024-08-19T11:58:22+00:00\",\"dateModified\":\"2024-11-11T15:00:29+00:00\",\"breadcrumb\":{\"@id\":\"https:\/\/www.kibrisanadoluraf.com\/?page_id=911#breadcrumb\"},\"inLanguage\":\"tr\",\"potentialAction\":[{\"@type\":\"ReadAction\",\"target\":[\"https:\/\/www.kibrisanadoluraf.com\/?page_id=911\"]}]},{\"@type\":\"BreadcrumbList\",\"@id\":\"https:\/\/www.kibrisanadoluraf.com\/?page_id=911#breadcrumb\",\"itemListElement\":[{\"@type\":\"ListItem\",\"position\":1,\"name\":\"Anasayfa\",\"item\":\"https:\/\/www.kibrisanadoluraf.com\/\"},{\"@type\":\"ListItem\",\"position\":2,\"name\":\"\u00c7al\u0131\u015fma Saatleri\"}]},{\"@type\":\"WebSite\",\"@id\":\"https:\/\/www.kibrisanadoluraf.com\/#website\",\"url\":\"https:\/\/www.kibrisanadoluraf.com\/\",\"name\":\"www.kibrisanadoluraf.com\",\"description\":\"K\u0131br\u0131s Raf Lideri\",\"publisher\":{\"@id\":\"https:\/\/www.kibrisanadoluraf.com\/#organization\"},\"alternateName\":\"https:\/\/www.kibrisanadoluraf.com\",\"potentialAction\":[{\"@type\":\"SearchAction\",\"target\":{\"@type\":\"EntryPoint\",\"urlTemplate\":\"https:\/\/www.kibrisanadoluraf.com\/?s={search_term_string}\"},\"query-input\":{\"@type\":\"PropertyValueSpecification\",\"valueRequired\":true,\"valueName\":\"search_term_string\"}}],\"inLanguage\":\"tr\"},{\"@type\":\"Organization\",\"@id\":\"https:\/\/www.kibrisanadoluraf.com\/#organization\",\"name\":\"Kibris Anadolu Raf Sistemleri\",\"url\":\"https:\/\/www.kibrisanadoluraf.com\/\",\"logo\":{\"@type\":\"ImageObject\",\"inLanguage\":\"tr\",\"@id\":\"https:\/\/www.kibrisanadoluraf.com\/#\/schema\/logo\/image\/\",\"url\":\"https:\/\/www.kibrisanadoluraf.com\/wp-content\/uploads\/2024\/07\/logo.jpg\",\"contentUrl\":\"https:\/\/www.kibrisanadoluraf.com\/wp-content\/uploads\/2024\/07\/logo.jpg\",\"width\":500,\"height\":500,\"caption\":\"Kibris Anadolu Raf Sistemleri\"},\"image\":{\"@id\":\"https:\/\/www.kibrisanadoluraf.com\/#\/schema\/logo\/image\/\"},\"sameAs\":[\"https:\/\/www.facebook.com\/profile.php?id=61564128172550\"]}]}<\/script>\n<!-- \/ Yoast SEO plugin. -->","yoast_head_json":{"title":"\u00c7al\u0131\u015fma Saatleri - K\u0131br\u0131s Anadolu Raf | KibrisAnadoluRaf.com","robots":{"index":"index","follow":"follow","max-snippet":"max-snippet:-1","max-image-preview":"max-image-preview:large","max-video-preview":"max-video-preview:-1"},"canonical":"https:\/\/www.kibrisanadoluraf.com\/?page_id=911","og_locale":"tr_TR","og_type":"article","og_title":"\u00c7al\u0131\u015fma Saatleri - K\u0131br\u0131s Anadolu Raf | KibrisAnadoluRaf.com","og_description":"\u00c7al\u0131\u015fma Saatlerimiz Pazartesi &#8211; Cuma 08:00 &#8211; 18:00 Cumartesi 08:00 &#8211; 15:00 Pazar Kapal\u0131","og_url":"https:\/\/www.kibrisanadoluraf.com\/?page_id=911","og_site_name":"K\u0131br\u0131s Anadolu Raf | KibrisAnadoluRaf.com","article_publisher":"https:\/\/www.facebook.com\/profile.php?id=61564128172550","article_modified_time":"2024-11-11T15:00:29+00:00","twitter_card":"summary_large_image","schema":{"@context":"https:\/\/schema.org","@graph":[{"@type":"WebPage","@id":"https:\/\/www.kibrisanadoluraf.com\/?page_id=911","url":"https:\/\/www.kibrisanadoluraf.com\/?page_id=911","name":"\u00c7al\u0131\u015fma Saatleri - K\u0131br\u0131s Anadolu Raf | KibrisAnadoluRaf.com","isPartOf":{"@id":"https:\/\/www.kibrisanadoluraf.com\/#website"},"datePublished":"2024-08-19T11:58:22+00:00","dateModified":"2024-11-11T15:00:29+00:00","breadcrumb":{"@id":"https:\/\/www.kibrisanadoluraf.com\/?page_id=911#breadcrumb"},"inLanguage":"tr","potentialAction":[{"@type":"ReadAction","target":["https:\/\/www.kibrisanadoluraf.com\/?page_id=911"]}]},{"@type":"BreadcrumbList","@id":"https:\/\/www.kibrisanadoluraf.com\/?page_id=911#breadcrumb","itemListElement":[{"@type":"ListItem","position":1,"name":"Anasayfa","item":"https:\/\/www.kibrisanadoluraf.com\/"},{"@type":"ListItem","position":2,"name":"\u00c7al\u0131\u015fma Saatleri"}]},{"@type":"WebSite","@id":"https:\/\/www.kibrisanadoluraf.com\/#website","url":"https:\/\/www.kibrisanadoluraf.com\/","name":"www.kibrisanadoluraf.com","description":"K\u0131br\u0131s Raf Lideri","publisher":{"@id":"https:\/\/www.kibrisanadoluraf.com\/#organization"},"alternateName":"https:\/\/www.kibrisanadoluraf.com","potentialAction":[{"@type":"SearchAction","target":{"@type":"EntryPoint","urlTemplate":"https:\/\/www.kibrisanadoluraf.com\/?s={search_term_string}"},"query-input":{"@type":"PropertyValueSpecification","valueRequired":true,"valueName":"search_term_string"}}],"inLanguage":"tr"},{"@type":"Organization","@id":"https:\/\/www.kibrisanadoluraf.com\/#organization","name":"Kibris Anadolu Raf Sistemleri","url":"https:\/\/www.kibrisanadoluraf.com\/","logo":{"@type":"ImageObject","inLanguage":"tr","@id":"https:\/\/www.kibrisanadoluraf.com\/#\/schema\/logo\/image\/","url":"https:\/\/www.kibrisanadoluraf.com\/wp-content\/uploads\/2024\/07\/logo.jpg","contentUrl":"https:\/\/www.kibrisanadoluraf.com\/wp-content\/uploads\/2024\/07\/logo.jpg","width":500,"height":500,"caption":"Kibris Anadolu Raf Sistemleri"},"image":{"@id":"https:\/\/www.kibrisanadoluraf.com\/#\/schema\/logo\/image\/"},"sameAs":["https:\/\/www.facebook.com\/profile.php?id=61564128172550"]}]}},"_links":{"self":[{"href":"https:\/\/www.kibrisanadoluraf.com\/index.php?rest_route=\/wp\/v2\/pages\/911","targetHints":{"allow":["GET"]}}],"collection":[{"href":"https:\/\/www.kibrisanadoluraf.com\/index.php?rest_route=\/wp\/v2\/pages"}],"about":[{"href":"https:\/\/www.kibrisanadoluraf.com\/index.php?rest_route=\/wp\/v2\/types\/page"}],"author":[{"embeddable":true,"href":"https:\/\/www.kibrisanadoluraf.com\/index.php?rest_route=\/wp\/v2\/users\/1"}],"replies":[{"embeddable":true,"href":"https:\/\/www.kibrisanadoluraf.com\/index.php?rest_route=%2Fwp%2Fv2%2Fcomments&post=911"}],"version-history":[{"count":45,"href":"https:\/\/www.kibrisanadoluraf.com\/index.php?rest_route=\/wp\/v2\/pages\/911\/revisions"}],"predecessor-version":[{"id":2209,"href":"https:\/\/www.kibrisanadoluraf.com\/index.php?rest_route=\/wp\/v2\/pages\/911\/revisions\/2209"}],"wp:attachment":[{"href":"https:\/\/www.kibrisanadoluraf.com\/index.php?rest_route=%2Fwp%2Fv2%2Fmedia&parent=911"}],"curies":[{"name":"wp","href":"https:\/\/api.w.org\/{rel}","templated":true}]}}